{"id":1603,"date":"2025-12-24T11:10:08","date_gmt":"2025-12-24T11:10:08","guid":{"rendered":"https:\/\/sook-paris.com\/?post_type=product&#038;p=1603"},"modified":"2026-01-06T11:48:23","modified_gmt":"2026-01-06T11:48:23","slug":"casquette-sook-paris","status":"publish","type":"product","link":"https:\/\/sook-paris.com\/en\/product\/casquette-sook-paris\/","title":{"rendered":"Sook Paris cap"},"content":{"rendered":"<p>Corduroy cap<\/p>\n<p>Embroidery sook paris<\/p>\n<p>Visor cap made from 100% cotton yarn %<\/p>\n<p>Adjustable back closure<\/p>","protected":false},"excerpt":{"rendered":"<p>Corduroy cap Sook paris embroidery Peaked cap made from 100 % cotton yarn Adjustable back closure<\/p>","protected":false},"featured_media":1630,"template":"","meta":[],"product_brand":[],"product_cat":[40],"product_tag":[],"class_list":{"0":"post-1603","1":"product","2":"type-product","3":"status-publish","4":"has-post-thumbnail","6":"product_cat-accessoires","8":"first","9":"outofstock","10":"shipping-taxable","11":"purchasable","12":"product-type-variable","13":"wvs-archive-product-wrapper"},"yoast_head":"<!-- This site is optimized with the Yoast SEO plugin v24.6 - https:\/\/yoast.com\/wordpress\/plugins\/seo\/ -->\n<title>Casquette Sook Paris - Sook Paris Concept Store Marrakech<\/title>\n<meta name=\"robots\" content=\"index, follow, max-snippet:-1, max-image-preview:large, max-video-preview:-1\" \/>\n<link rel=\"canonical\" href=\"https:\/\/sook-paris.com\/en\/product\/casquette-sook-paris\/\" \/>\n<meta property=\"og:locale\" content=\"en_US\" \/>\n<meta property=\"og:type\" content=\"article\" \/>\n<meta property=\"og:title\" content=\"Casquette Sook Paris - Sook Paris Concept Store Marrakech\" \/>\n<meta property=\"og:description\" content=\"Casquette en velours c\u00f4tel\u00e9 Broderie sook paris Casquette \u00e0 visi\u00e8re confectionn\u00e9e en filature de coton 100 % Fermeture r\u00e9glable \u00e0 l&rsquo;arri\u00e8re\" \/>\n<meta property=\"og:url\" content=\"https:\/\/sook-paris.com\/en\/product\/casquette-sook-paris\/\" \/>\n<meta property=\"og:site_name\" content=\"Sook Paris Concept Store Marrakech\" \/>\n<meta property=\"article:publisher\" content=\"https:\/\/instagram.com\/sookparis\" \/>\n<meta property=\"article:modified_time\" content=\"2026-01-06T11:48:23+00:00\" \/>\n<meta property=\"og:image\" content=\"https:\/\/sook-paris.com\/wp-content\/uploads\/2025\/12\/ELY13683-1-scaled.jpg\" \/>\n\t<meta property=\"og:image:width\" content=\"1451\" \/>\n\t<meta property=\"og:image:height\" content=\"2560\" \/>\n\t<meta property=\"og:image:type\" content=\"image\/jpeg\" \/>\n<meta name=\"twitter:card\" content=\"summary_large_image\" \/>\n<meta name=\"twitter:label1\" content=\"Est. reading time\" \/>\n\t<meta name=\"twitter:data1\" content=\"1 minute\" \/>\n<script type=\"application\/ld+json\" class=\"yoast-schema-graph\">{\"@context\":\"https:\/\/schema.org\",\"@graph\":[{\"@type\":\"WebPage\",\"@id\":\"https:\/\/sook-paris.com\/product\/casquette-sook-paris\/\",\"url\":\"https:\/\/sook-paris.com\/product\/casquette-sook-paris\/\",\"name\":\"Casquette Sook Paris - Sook Paris Concept Store Marrakech\",\"isPartOf\":{\"@id\":\"https:\/\/www.sook-paris.com\/#website\"},\"primaryImageOfPage\":{\"@id\":\"https:\/\/sook-paris.com\/product\/casquette-sook-paris\/#primaryimage\"},\"image\":{\"@id\":\"https:\/\/sook-paris.com\/product\/casquette-sook-paris\/#primaryimage\"},\"thumbnailUrl\":\"https:\/\/sook-paris.com\/wp-content\/uploads\/2025\/12\/ELY13683-1-scaled.jpg\",\"datePublished\":\"2025-12-24T11:10:08+00:00\",\"dateModified\":\"2026-01-06T11:48:23+00:00\",\"breadcrumb\":{\"@id\":\"https:\/\/sook-paris.com\/product\/casquette-sook-paris\/#breadcrumb\"},\"inLanguage\":\"en-US\",\"potentialAction\":[{\"@type\":\"ReadAction\",\"target\":[\"https:\/\/sook-paris.com\/product\/casquette-sook-paris\/\"]}]},{\"@type\":\"ImageObject\",\"inLanguage\":\"en-US\",\"@id\":\"https:\/\/sook-paris.com\/product\/casquette-sook-paris\/#primaryimage\",\"url\":\"https:\/\/sook-paris.com\/wp-content\/uploads\/2025\/12\/ELY13683-1-scaled.jpg\",\"contentUrl\":\"https:\/\/sook-paris.com\/wp-content\/uploads\/2025\/12\/ELY13683-1-scaled.jpg\",\"width\":1451,\"height\":2560},{\"@type\":\"BreadcrumbList\",\"@id\":\"https:\/\/sook-paris.com\/product\/casquette-sook-paris\/#breadcrumb\",\"itemListElement\":[{\"@type\":\"ListItem\",\"position\":1,\"name\":\"Accueil\",\"item\":\"https:\/\/sook-paris.com\/\"},{\"@type\":\"ListItem\",\"position\":2,\"name\":\"Tous les produits\",\"item\":\"https:\/\/sook-paris.com\/en\/tous-les-produits\/\"},{\"@type\":\"ListItem\",\"position\":3,\"name\":\"Casquette Sook Paris\"}]},{\"@type\":\"WebSite\",\"@id\":\"https:\/\/www.sook-paris.com\/#website\",\"url\":\"https:\/\/www.sook-paris.com\/\",\"name\":\"Sook Paris Concept Store Marrakech\",\"description\":\"\",\"publisher\":{\"@id\":\"https:\/\/www.sook-paris.com\/#organization\"},\"potentialAction\":[{\"@type\":\"SearchAction\",\"target\":{\"@type\":\"EntryPoint\",\"urlTemplate\":\"https:\/\/www.sook-paris.com\/?s={search_term_string}\"},\"query-input\":{\"@type\":\"PropertyValueSpecification\",\"valueRequired\":true,\"valueName\":\"search_term_string\"}}],\"inLanguage\":\"en-US\"},{\"@type\":\"Organization\",\"@id\":\"https:\/\/www.sook-paris.com\/#organization\",\"name\":\"Sook Paris Concept Store Marrakech\",\"url\":\"https:\/\/www.sook-paris.com\/\",\"logo\":{\"@type\":\"ImageObject\",\"inLanguage\":\"en-US\",\"@id\":\"https:\/\/www.sook-paris.com\/#\/schema\/logo\/image\/\",\"url\":\"https:\/\/sook-paris.com\/wp-content\/uploads\/2025\/03\/Logo-sook-paris.png\",\"contentUrl\":\"https:\/\/sook-paris.com\/wp-content\/uploads\/2025\/03\/Logo-sook-paris.png\",\"width\":1080,\"height\":1080,\"caption\":\"Sook Paris Concept Store Marrakech\"},\"image\":{\"@id\":\"https:\/\/www.sook-paris.com\/#\/schema\/logo\/image\/\"},\"sameAs\":[\"https:\/\/instagram.com\/sookparis\"]}]}<\/script>\n<!-- \/ Yoast SEO plugin. -->","yoast_head_json":{"title":"Sook Paris cap - Sook Paris Concept Store Marrakech","robots":{"index":"index","follow":"follow","max-snippet":"max-snippet:-1","max-image-preview":"max-image-preview:large","max-video-preview":"max-video-preview:-1"},"canonical":"https:\/\/sook-paris.com\/en\/product\/casquette-sook-paris\/","og_locale":"en_US","og_type":"article","og_title":"Casquette Sook Paris - Sook Paris Concept Store Marrakech","og_description":"Casquette en velours c\u00f4tel\u00e9 Broderie sook paris Casquette \u00e0 visi\u00e8re confectionn\u00e9e en filature de coton 100 % Fermeture r\u00e9glable \u00e0 l&rsquo;arri\u00e8re","og_url":"https:\/\/sook-paris.com\/en\/product\/casquette-sook-paris\/","og_site_name":"Sook Paris Concept Store Marrakech","article_publisher":"https:\/\/instagram.com\/sookparis","article_modified_time":"2026-01-06T11:48:23+00:00","og_image":[{"width":1451,"height":2560,"url":"https:\/\/sook-paris.com\/wp-content\/uploads\/2025\/12\/ELY13683-1-scaled.jpg","type":"image\/jpeg"}],"twitter_card":"summary_large_image","twitter_misc":{"Est. reading time":"1 minute"},"schema":{"@context":"https:\/\/schema.org","@graph":[{"@type":"WebPage","@id":"https:\/\/sook-paris.com\/product\/casquette-sook-paris\/","url":"https:\/\/sook-paris.com\/product\/casquette-sook-paris\/","name":"Sook Paris cap - Sook Paris Concept Store Marrakech","isPartOf":{"@id":"https:\/\/www.sook-paris.com\/#website"},"primaryImageOfPage":{"@id":"https:\/\/sook-paris.com\/product\/casquette-sook-paris\/#primaryimage"},"image":{"@id":"https:\/\/sook-paris.com\/product\/casquette-sook-paris\/#primaryimage"},"thumbnailUrl":"https:\/\/sook-paris.com\/wp-content\/uploads\/2025\/12\/ELY13683-1-scaled.jpg","datePublished":"2025-12-24T11:10:08+00:00","dateModified":"2026-01-06T11:48:23+00:00","breadcrumb":{"@id":"https:\/\/sook-paris.com\/product\/casquette-sook-paris\/#breadcrumb"},"inLanguage":"en-US","potentialAction":[{"@type":"ReadAction","target":["https:\/\/sook-paris.com\/product\/casquette-sook-paris\/"]}]},{"@type":"ImageObject","inLanguage":"en-US","@id":"https:\/\/sook-paris.com\/product\/casquette-sook-paris\/#primaryimage","url":"https:\/\/sook-paris.com\/wp-content\/uploads\/2025\/12\/ELY13683-1-scaled.jpg","contentUrl":"https:\/\/sook-paris.com\/wp-content\/uploads\/2025\/12\/ELY13683-1-scaled.jpg","width":1451,"height":2560},{"@type":"BreadcrumbList","@id":"https:\/\/sook-paris.com\/product\/casquette-sook-paris\/#breadcrumb","itemListElement":[{"@type":"ListItem","position":1,"name":"Accueil","item":"https:\/\/sook-paris.com\/"},{"@type":"ListItem","position":2,"name":"Tous les produits","item":"https:\/\/sook-paris.com\/en\/tous-les-produits\/"},{"@type":"ListItem","position":3,"name":"Casquette Sook Paris"}]},{"@type":"WebSite","@id":"https:\/\/www.sook-paris.com\/#website","url":"https:\/\/www.sook-paris.com\/","name":"Sook Paris Concept Store Marrakech","description":"","publisher":{"@id":"https:\/\/www.sook-paris.com\/#organization"},"potentialAction":[{"@type":"SearchAction","target":{"@type":"EntryPoint","urlTemplate":"https:\/\/www.sook-paris.com\/?s={search_term_string}"},"query-input":{"@type":"PropertyValueSpecification","valueRequired":true,"valueName":"search_term_string"}}],"inLanguage":"en-US"},{"@type":"Organization","@id":"https:\/\/www.sook-paris.com\/#organization","name":"Sook Paris Concept Store Marrakech","url":"https:\/\/www.sook-paris.com\/","logo":{"@type":"ImageObject","inLanguage":"en-US","@id":"https:\/\/www.sook-paris.com\/#\/schema\/logo\/image\/","url":"https:\/\/sook-paris.com\/wp-content\/uploads\/2025\/03\/Logo-sook-paris.png","contentUrl":"https:\/\/sook-paris.com\/wp-content\/uploads\/2025\/03\/Logo-sook-paris.png","width":1080,"height":1080,"caption":"Sook Paris Concept Store Marrakech"},"image":{"@id":"https:\/\/www.sook-paris.com\/#\/schema\/logo\/image\/"},"sameAs":["https:\/\/instagram.com\/sookparis"]}]}},"_links":{"self":[{"href":"https:\/\/sook-paris.com\/en\/wp-json\/wp\/v2\/product\/1603","targetHints":{"allow":["GET"]}}],"collection":[{"href":"https:\/\/sook-paris.com\/en\/wp-json\/wp\/v2\/product"}],"about":[{"href":"https:\/\/sook-paris.com\/en\/wp-json\/wp\/v2\/types\/product"}],"wp:featuredmedia":[{"embeddable":true,"href":"https:\/\/sook-paris.com\/en\/wp-json\/wp\/v2\/media\/1630"}],"wp:attachment":[{"href":"https:\/\/sook-paris.com\/en\/wp-json\/wp\/v2\/media?parent=1603"}],"wp:term":[{"taxonomy":"product_brand","embeddable":true,"href":"https:\/\/sook-paris.com\/en\/wp-json\/wp\/v2\/product_brand?post=1603"},{"taxonomy":"product_cat","embeddable":true,"href":"https:\/\/sook-paris.com\/en\/wp-json\/wp\/v2\/product_cat?post=1603"},{"taxonomy":"product_tag","embeddable":true,"href":"https:\/\/sook-paris.com\/en\/wp-json\/wp\/v2\/product_tag?post=1603"}],"curies":[{"name":"wp","href":"https:\/\/api.w.org\/{rel}","templated":true}]}}