{"id":1560,"date":"2025-12-23T12:05:38","date_gmt":"2025-12-23T12:05:38","guid":{"rendered":"https:\/\/sook-paris.com\/?post_type=product&#038;p=1560"},"modified":"2026-01-06T15:48:30","modified_gmt":"2026-01-06T15:48:30","slug":"chemise-josephine","status":"publish","type":"product","link":"https:\/\/sook-paris.com\/en\/product\/chemise-josephine\/","title":{"rendered":"Josephine shirt"},"content":{"rendered":"<p>Denim shirt with bow collar<\/p>\n<p>Size: one (fits 36 to 42)<\/p>\n<p>Material: fine denim<br \/>\nBust length: 70 cm<br \/>\nShoulder-to-shoulder width: 41 cm<br \/>\nTortoiseshell buttons<br \/>\nWash inside out at 30 degrees with similar colors<br \/>\nMade in Morocco<br \/>\nModel size: 1m71 wears size 36<\/p>","protected":false},"excerpt":{"rendered":"<p>Denim shirt with bow collar Size: one (fits 36 to 42) Material: fine denim Bust length: 70 cm Shoulder-to-shoulder width: 41 cm Tortoiseshell buttons Wash inside out at 30 degrees with similar colors Made in Morocco Size from...<\/p>","protected":false},"featured_media":1646,"template":"","meta":[],"product_brand":[],"product_cat":[18],"product_tag":[],"class_list":{"0":"post-1560","1":"product","2":"type-product","3":"status-publish","4":"has-post-thumbnail","6":"product_cat-chemises-et-blouses","8":"first","9":"instock","10":"featured","11":"shipping-taxable","12":"purchasable","13":"product-type-variable","14":"wvs-archive-product-wrapper"},"yoast_head":"<!-- This site is optimized with the Yoast SEO plugin v24.6 - https:\/\/yoast.com\/wordpress\/plugins\/seo\/ -->\n<title>Chemise Jos\u00e9phine - Sook Paris Concept Store Marrakech<\/title>\n<meta name=\"robots\" content=\"index, follow, max-snippet:-1, max-image-preview:large, max-video-preview:-1\" \/>\n<link rel=\"canonical\" href=\"https:\/\/sook-paris.com\/en\/product\/chemise-josephine\/\" \/>\n<meta property=\"og:locale\" content=\"en_US\" \/>\n<meta property=\"og:type\" content=\"article\" \/>\n<meta property=\"og:title\" content=\"Chemise Jos\u00e9phine - Sook Paris Concept Store Marrakech\" \/>\n<meta property=\"og:description\" content=\"Chemise en jean avec col \u00ab noeud \u00bb Taille: unique (convient du 36 au 42) Mati\u00e8re: jean fin Longueur de buste: 70 cm Largeur \u00e9paule \u00e0 \u00e9paule: 41 cm Boutons \u00e9caille Lavage \u00e0 30 degr\u00e9s sur l\u2019envers avec couleurs similaires Fabriqu\u00e9e au Maroc Taille du...\" \/>\n<meta property=\"og:url\" content=\"https:\/\/sook-paris.com\/en\/product\/chemise-josephine\/\" \/>\n<meta property=\"og:site_name\" content=\"Sook Paris Concept Store Marrakech\" \/>\n<meta property=\"article:publisher\" content=\"https:\/\/instagram.com\/sookparis\" \/>\n<meta property=\"article:modified_time\" content=\"2026-01-06T15:48:30+00:00\" \/>\n<meta property=\"og:image\" content=\"https:\/\/sook-paris.com\/wp-content\/uploads\/2025\/12\/JOSEPHINE-scaled.jpg\" \/>\n\t<meta property=\"og:image:width\" content=\"1707\" \/>\n\t<meta property=\"og:image:height\" content=\"2560\" \/>\n\t<meta property=\"og:image:type\" content=\"image\/jpeg\" \/>\n<meta name=\"twitter:card\" content=\"summary_large_image\" \/>\n<meta name=\"twitter:label1\" content=\"Est. reading time\" \/>\n\t<meta name=\"twitter:data1\" content=\"1 minute\" \/>\n<script type=\"application\/ld+json\" class=\"yoast-schema-graph\">{\"@context\":\"https:\/\/schema.org\",\"@graph\":[{\"@type\":\"WebPage\",\"@id\":\"https:\/\/sook-paris.com\/product\/chemise-josephine\/\",\"url\":\"https:\/\/sook-paris.com\/product\/chemise-josephine\/\",\"name\":\"Chemise Jos\u00e9phine - Sook Paris Concept Store Marrakech\",\"isPartOf\":{\"@id\":\"https:\/\/www.sook-paris.com\/#website\"},\"primaryImageOfPage\":{\"@id\":\"https:\/\/sook-paris.com\/product\/chemise-josephine\/#primaryimage\"},\"image\":{\"@id\":\"https:\/\/sook-paris.com\/product\/chemise-josephine\/#primaryimage\"},\"thumbnailUrl\":\"https:\/\/sook-paris.com\/wp-content\/uploads\/2025\/12\/JOSEPHINE-scaled.jpg\",\"datePublished\":\"2025-12-23T12:05:38+00:00\",\"dateModified\":\"2026-01-06T15:48:30+00:00\",\"breadcrumb\":{\"@id\":\"https:\/\/sook-paris.com\/product\/chemise-josephine\/#breadcrumb\"},\"inLanguage\":\"en-US\",\"potentialAction\":[{\"@type\":\"ReadAction\",\"target\":[\"https:\/\/sook-paris.com\/product\/chemise-josephine\/\"]}]},{\"@type\":\"ImageObject\",\"inLanguage\":\"en-US\",\"@id\":\"https:\/\/sook-paris.com\/product\/chemise-josephine\/#primaryimage\",\"url\":\"https:\/\/sook-paris.com\/wp-content\/uploads\/2025\/12\/JOSEPHINE-scaled.jpg\",\"contentUrl\":\"https:\/\/sook-paris.com\/wp-content\/uploads\/2025\/12\/JOSEPHINE-scaled.jpg\",\"width\":1707,\"height\":2560},{\"@type\":\"BreadcrumbList\",\"@id\":\"https:\/\/sook-paris.com\/product\/chemise-josephine\/#breadcrumb\",\"itemListElement\":[{\"@type\":\"ListItem\",\"position\":1,\"name\":\"Accueil\",\"item\":\"https:\/\/sook-paris.com\/\"},{\"@type\":\"ListItem\",\"position\":2,\"name\":\"Tous les produits\",\"item\":\"https:\/\/sook-paris.com\/en\/tous-les-produits\/\"},{\"@type\":\"ListItem\",\"position\":3,\"name\":\"Chemise Jos\u00e9phine\"}]},{\"@type\":\"WebSite\",\"@id\":\"https:\/\/www.sook-paris.com\/#website\",\"url\":\"https:\/\/www.sook-paris.com\/\",\"name\":\"Sook Paris Concept Store Marrakech\",\"description\":\"\",\"publisher\":{\"@id\":\"https:\/\/www.sook-paris.com\/#organization\"},\"potentialAction\":[{\"@type\":\"SearchAction\",\"target\":{\"@type\":\"EntryPoint\",\"urlTemplate\":\"https:\/\/www.sook-paris.com\/?s={search_term_string}\"},\"query-input\":{\"@type\":\"PropertyValueSpecification\",\"valueRequired\":true,\"valueName\":\"search_term_string\"}}],\"inLanguage\":\"en-US\"},{\"@type\":\"Organization\",\"@id\":\"https:\/\/www.sook-paris.com\/#organization\",\"name\":\"Sook Paris Concept Store Marrakech\",\"url\":\"https:\/\/www.sook-paris.com\/\",\"logo\":{\"@type\":\"ImageObject\",\"inLanguage\":\"en-US\",\"@id\":\"https:\/\/www.sook-paris.com\/#\/schema\/logo\/image\/\",\"url\":\"https:\/\/sook-paris.com\/wp-content\/uploads\/2025\/03\/Logo-sook-paris.png\",\"contentUrl\":\"https:\/\/sook-paris.com\/wp-content\/uploads\/2025\/03\/Logo-sook-paris.png\",\"width\":1080,\"height\":1080,\"caption\":\"Sook Paris Concept Store Marrakech\"},\"image\":{\"@id\":\"https:\/\/www.sook-paris.com\/#\/schema\/logo\/image\/\"},\"sameAs\":[\"https:\/\/instagram.com\/sookparis\"]}]}<\/script>\n<!-- \/ Yoast SEO plugin. -->","yoast_head_json":{"title":"Josephine shirt - Sook Paris Concept Store Marrakech","robots":{"index":"index","follow":"follow","max-snippet":"max-snippet:-1","max-image-preview":"max-image-preview:large","max-video-preview":"max-video-preview:-1"},"canonical":"https:\/\/sook-paris.com\/en\/product\/chemise-josephine\/","og_locale":"en_US","og_type":"article","og_title":"Chemise Jos\u00e9phine - Sook Paris Concept Store Marrakech","og_description":"Chemise en jean avec col \u00ab noeud \u00bb Taille: unique (convient du 36 au 42) Mati\u00e8re: jean fin Longueur de buste: 70 cm Largeur \u00e9paule \u00e0 \u00e9paule: 41 cm Boutons \u00e9caille Lavage \u00e0 30 degr\u00e9s sur l\u2019envers avec couleurs similaires Fabriqu\u00e9e au Maroc Taille du...","og_url":"https:\/\/sook-paris.com\/en\/product\/chemise-josephine\/","og_site_name":"Sook Paris Concept Store Marrakech","article_publisher":"https:\/\/instagram.com\/sookparis","article_modified_time":"2026-01-06T15:48:30+00:00","og_image":[{"width":1707,"height":2560,"url":"https:\/\/sook-paris.com\/wp-content\/uploads\/2025\/12\/JOSEPHINE-scaled.jpg","type":"image\/jpeg"}],"twitter_card":"summary_large_image","twitter_misc":{"Est. reading time":"1 minute"},"schema":{"@context":"https:\/\/schema.org","@graph":[{"@type":"WebPage","@id":"https:\/\/sook-paris.com\/product\/chemise-josephine\/","url":"https:\/\/sook-paris.com\/product\/chemise-josephine\/","name":"Josephine shirt - Sook Paris Concept Store Marrakech","isPartOf":{"@id":"https:\/\/www.sook-paris.com\/#website"},"primaryImageOfPage":{"@id":"https:\/\/sook-paris.com\/product\/chemise-josephine\/#primaryimage"},"image":{"@id":"https:\/\/sook-paris.com\/product\/chemise-josephine\/#primaryimage"},"thumbnailUrl":"https:\/\/sook-paris.com\/wp-content\/uploads\/2025\/12\/JOSEPHINE-scaled.jpg","datePublished":"2025-12-23T12:05:38+00:00","dateModified":"2026-01-06T15:48:30+00:00","breadcrumb":{"@id":"https:\/\/sook-paris.com\/product\/chemise-josephine\/#breadcrumb"},"inLanguage":"en-US","potentialAction":[{"@type":"ReadAction","target":["https:\/\/sook-paris.com\/product\/chemise-josephine\/"]}]},{"@type":"ImageObject","inLanguage":"en-US","@id":"https:\/\/sook-paris.com\/product\/chemise-josephine\/#primaryimage","url":"https:\/\/sook-paris.com\/wp-content\/uploads\/2025\/12\/JOSEPHINE-scaled.jpg","contentUrl":"https:\/\/sook-paris.com\/wp-content\/uploads\/2025\/12\/JOSEPHINE-scaled.jpg","width":1707,"height":2560},{"@type":"BreadcrumbList","@id":"https:\/\/sook-paris.com\/product\/chemise-josephine\/#breadcrumb","itemListElement":[{"@type":"ListItem","position":1,"name":"Accueil","item":"https:\/\/sook-paris.com\/"},{"@type":"ListItem","position":2,"name":"Tous les produits","item":"https:\/\/sook-paris.com\/en\/tous-les-produits\/"},{"@type":"ListItem","position":3,"name":"Chemise Jos\u00e9phine"}]},{"@type":"WebSite","@id":"https:\/\/www.sook-paris.com\/#website","url":"https:\/\/www.sook-paris.com\/","name":"Sook Paris Concept Store Marrakech","description":"","publisher":{"@id":"https:\/\/www.sook-paris.com\/#organization"},"potentialAction":[{"@type":"SearchAction","target":{"@type":"EntryPoint","urlTemplate":"https:\/\/www.sook-paris.com\/?s={search_term_string}"},"query-input":{"@type":"PropertyValueSpecification","valueRequired":true,"valueName":"search_term_string"}}],"inLanguage":"en-US"},{"@type":"Organization","@id":"https:\/\/www.sook-paris.com\/#organization","name":"Sook Paris Concept Store Marrakech","url":"https:\/\/www.sook-paris.com\/","logo":{"@type":"ImageObject","inLanguage":"en-US","@id":"https:\/\/www.sook-paris.com\/#\/schema\/logo\/image\/","url":"https:\/\/sook-paris.com\/wp-content\/uploads\/2025\/03\/Logo-sook-paris.png","contentUrl":"https:\/\/sook-paris.com\/wp-content\/uploads\/2025\/03\/Logo-sook-paris.png","width":1080,"height":1080,"caption":"Sook Paris Concept Store Marrakech"},"image":{"@id":"https:\/\/www.sook-paris.com\/#\/schema\/logo\/image\/"},"sameAs":["https:\/\/instagram.com\/sookparis"]}]}},"_links":{"self":[{"href":"https:\/\/sook-paris.com\/en\/wp-json\/wp\/v2\/product\/1560","targetHints":{"allow":["GET"]}}],"collection":[{"href":"https:\/\/sook-paris.com\/en\/wp-json\/wp\/v2\/product"}],"about":[{"href":"https:\/\/sook-paris.com\/en\/wp-json\/wp\/v2\/types\/product"}],"wp:featuredmedia":[{"embeddable":true,"href":"https:\/\/sook-paris.com\/en\/wp-json\/wp\/v2\/media\/1646"}],"wp:attachment":[{"href":"https:\/\/sook-paris.com\/en\/wp-json\/wp\/v2\/media?parent=1560"}],"wp:term":[{"taxonomy":"product_brand","embeddable":true,"href":"https:\/\/sook-paris.com\/en\/wp-json\/wp\/v2\/product_brand?post=1560"},{"taxonomy":"product_cat","embeddable":true,"href":"https:\/\/sook-paris.com\/en\/wp-json\/wp\/v2\/product_cat?post=1560"},{"taxonomy":"product_tag","embeddable":true,"href":"https:\/\/sook-paris.com\/en\/wp-json\/wp\/v2\/product_tag?post=1560"}],"curies":[{"name":"wp","href":"https:\/\/api.w.org\/{rel}","templated":true}]}}