{"id":1025,"date":"2025-05-08T13:36:10","date_gmt":"2025-05-08T13:36:10","guid":{"rendered":"https:\/\/sook-paris.com\/?post_type=product&#038;p=1025"},"modified":"2025-12-16T15:27:28","modified_gmt":"2025-12-16T15:27:28","slug":"bandana-brode-a-la-main","status":"publish","type":"product","link":"https:\/\/sook-paris.com\/en\/product\/bandana-brode-a-la-main\/","title":{"rendered":"HAND-EMBROIDERED BANDANAS"},"content":{"rendered":"<p>Composition: 100 % cotton<br \/>\nDimensions: 56 x 56 cm<br \/>\nKnow-how: Each bandana is hand-embroidered by an association of Moroccan women.<br \/>\nCare: Hand wash recommended to preserve embroidery. Dry flat in the shade.<\/p>","protected":false},"excerpt":{"rendered":"<p>Composition: 100 % cotton Dimensions: 56 x 56 cm Know-how: Each bandana is hand-embroidered by an association of Moroccan women. Care: Hand-wash recommended to preserve embroidery. Dry flat in the shade.<\/p>","protected":false},"featured_media":1040,"template":"","meta":[],"product_brand":[],"product_cat":[40],"product_tag":[],"class_list":{"0":"post-1025","1":"product","2":"type-product","3":"status-publish","4":"has-post-thumbnail","6":"product_cat-accessoires","8":"first","9":"outofstock","10":"shipping-taxable","11":"product-type-variable","12":"has-default-attributes","13":"wvs-archive-product-wrapper"},"yoast_head":"<!-- This site is optimized with the Yoast SEO plugin v24.6 - https:\/\/yoast.com\/wordpress\/plugins\/seo\/ -->\n<title>BANDANAS BROD\u00c9S \u00c0 LA MAIN - Sook Paris Concept Store Marrakech<\/title>\n<meta name=\"robots\" content=\"index, follow, max-snippet:-1, max-image-preview:large, max-video-preview:-1\" \/>\n<link rel=\"canonical\" href=\"https:\/\/sook-paris.com\/en\/product\/bandana-brode-a-la-main\/\" \/>\n<meta property=\"og:locale\" content=\"en_US\" \/>\n<meta property=\"og:type\" content=\"article\" \/>\n<meta property=\"og:title\" content=\"BANDANAS BROD\u00c9S \u00c0 LA MAIN - Sook Paris Concept Store Marrakech\" \/>\n<meta property=\"og:description\" content=\"\u2060Composition : 100 % coton \u2060Dimensions : 56 x 56 cm \u2060Savoir-faire : Chaque bandana est brod\u00e9 \u00e0 la main par une association de femmes marocaines. \u2060Entretien : Lavage \u00e0 la main recommand\u00e9 pour pr\u00e9server la broderie. S\u00e9chage \u00e0 plat, \u00e0 l\u2019ombre.\" \/>\n<meta property=\"og:url\" content=\"https:\/\/sook-paris.com\/en\/product\/bandana-brode-a-la-main\/\" \/>\n<meta property=\"og:site_name\" content=\"Sook Paris Concept Store Marrakech\" \/>\n<meta property=\"article:publisher\" content=\"https:\/\/instagram.com\/sookparis\" \/>\n<meta property=\"article:modified_time\" content=\"2025-12-16T15:27:28+00:00\" \/>\n<meta property=\"og:image\" content=\"https:\/\/sook-paris.com\/wp-content\/uploads\/2025\/05\/bandana-1111-scaled.jpg\" \/>\n\t<meta property=\"og:image:width\" content=\"1707\" \/>\n\t<meta property=\"og:image:height\" content=\"2560\" \/>\n\t<meta property=\"og:image:type\" content=\"image\/jpeg\" \/>\n<meta name=\"twitter:card\" content=\"summary_large_image\" \/>\n<meta name=\"twitter:label1\" content=\"Est. reading time\" \/>\n\t<meta name=\"twitter:data1\" content=\"1 minute\" \/>\n<script type=\"application\/ld+json\" class=\"yoast-schema-graph\">{\"@context\":\"https:\/\/schema.org\",\"@graph\":[{\"@type\":\"WebPage\",\"@id\":\"https:\/\/sook-paris.com\/product\/bandana-brode-a-la-main\/\",\"url\":\"https:\/\/sook-paris.com\/product\/bandana-brode-a-la-main\/\",\"name\":\"BANDANAS BROD\u00c9S \u00c0 LA MAIN - Sook Paris Concept Store Marrakech\",\"isPartOf\":{\"@id\":\"https:\/\/www.sook-paris.com\/#website\"},\"primaryImageOfPage\":{\"@id\":\"https:\/\/sook-paris.com\/product\/bandana-brode-a-la-main\/#primaryimage\"},\"image\":{\"@id\":\"https:\/\/sook-paris.com\/product\/bandana-brode-a-la-main\/#primaryimage\"},\"thumbnailUrl\":\"https:\/\/sook-paris.com\/wp-content\/uploads\/2025\/05\/bandana-1111-scaled.jpg\",\"datePublished\":\"2025-05-08T13:36:10+00:00\",\"dateModified\":\"2025-12-16T15:27:28+00:00\",\"breadcrumb\":{\"@id\":\"https:\/\/sook-paris.com\/product\/bandana-brode-a-la-main\/#breadcrumb\"},\"inLanguage\":\"en-US\",\"potentialAction\":[{\"@type\":\"ReadAction\",\"target\":[\"https:\/\/sook-paris.com\/product\/bandana-brode-a-la-main\/\"]}]},{\"@type\":\"ImageObject\",\"inLanguage\":\"en-US\",\"@id\":\"https:\/\/sook-paris.com\/product\/bandana-brode-a-la-main\/#primaryimage\",\"url\":\"https:\/\/sook-paris.com\/wp-content\/uploads\/2025\/05\/bandana-1111-scaled.jpg\",\"contentUrl\":\"https:\/\/sook-paris.com\/wp-content\/uploads\/2025\/05\/bandana-1111-scaled.jpg\",\"width\":1707,\"height\":2560},{\"@type\":\"BreadcrumbList\",\"@id\":\"https:\/\/sook-paris.com\/product\/bandana-brode-a-la-main\/#breadcrumb\",\"itemListElement\":[{\"@type\":\"ListItem\",\"position\":1,\"name\":\"Accueil\",\"item\":\"https:\/\/sook-paris.com\/\"},{\"@type\":\"ListItem\",\"position\":2,\"name\":\"Tous les produits\",\"item\":\"https:\/\/sook-paris.com\/en\/tous-les-produits\/\"},{\"@type\":\"ListItem\",\"position\":3,\"name\":\"BANDANAS BROD\u00c9S \u00c0 LA MAIN\"}]},{\"@type\":\"WebSite\",\"@id\":\"https:\/\/www.sook-paris.com\/#website\",\"url\":\"https:\/\/www.sook-paris.com\/\",\"name\":\"Sook Paris Concept Store Marrakech\",\"description\":\"\",\"publisher\":{\"@id\":\"https:\/\/www.sook-paris.com\/#organization\"},\"potentialAction\":[{\"@type\":\"SearchAction\",\"target\":{\"@type\":\"EntryPoint\",\"urlTemplate\":\"https:\/\/www.sook-paris.com\/?s={search_term_string}\"},\"query-input\":{\"@type\":\"PropertyValueSpecification\",\"valueRequired\":true,\"valueName\":\"search_term_string\"}}],\"inLanguage\":\"en-US\"},{\"@type\":\"Organization\",\"@id\":\"https:\/\/www.sook-paris.com\/#organization\",\"name\":\"Sook Paris Concept Store Marrakech\",\"url\":\"https:\/\/www.sook-paris.com\/\",\"logo\":{\"@type\":\"ImageObject\",\"inLanguage\":\"en-US\",\"@id\":\"https:\/\/www.sook-paris.com\/#\/schema\/logo\/image\/\",\"url\":\"https:\/\/sook-paris.com\/wp-content\/uploads\/2025\/03\/Logo-sook-paris.png\",\"contentUrl\":\"https:\/\/sook-paris.com\/wp-content\/uploads\/2025\/03\/Logo-sook-paris.png\",\"width\":1080,\"height\":1080,\"caption\":\"Sook Paris Concept Store Marrakech\"},\"image\":{\"@id\":\"https:\/\/www.sook-paris.com\/#\/schema\/logo\/image\/\"},\"sameAs\":[\"https:\/\/instagram.com\/sookparis\"]}]}<\/script>\n<!-- \/ Yoast SEO plugin. -->","yoast_head_json":{"title":"HAND-EMBROIDED BANDANAS - Sook Paris Concept Store Marrakech","robots":{"index":"index","follow":"follow","max-snippet":"max-snippet:-1","max-image-preview":"max-image-preview:large","max-video-preview":"max-video-preview:-1"},"canonical":"https:\/\/sook-paris.com\/en\/product\/bandana-brode-a-la-main\/","og_locale":"en_US","og_type":"article","og_title":"BANDANAS BROD\u00c9S \u00c0 LA MAIN - Sook Paris Concept Store Marrakech","og_description":"\u2060Composition : 100 % coton \u2060Dimensions : 56 x 56 cm \u2060Savoir-faire : Chaque bandana est brod\u00e9 \u00e0 la main par une association de femmes marocaines. \u2060Entretien : Lavage \u00e0 la main recommand\u00e9 pour pr\u00e9server la broderie. S\u00e9chage \u00e0 plat, \u00e0 l\u2019ombre.","og_url":"https:\/\/sook-paris.com\/en\/product\/bandana-brode-a-la-main\/","og_site_name":"Sook Paris Concept Store Marrakech","article_publisher":"https:\/\/instagram.com\/sookparis","article_modified_time":"2025-12-16T15:27:28+00:00","og_image":[{"width":1707,"height":2560,"url":"https:\/\/sook-paris.com\/wp-content\/uploads\/2025\/05\/bandana-1111-scaled.jpg","type":"image\/jpeg"}],"twitter_card":"summary_large_image","twitter_misc":{"Est. reading time":"1 minute"},"schema":{"@context":"https:\/\/schema.org","@graph":[{"@type":"WebPage","@id":"https:\/\/sook-paris.com\/product\/bandana-brode-a-la-main\/","url":"https:\/\/sook-paris.com\/product\/bandana-brode-a-la-main\/","name":"HAND-EMBROIDED BANDANAS - Sook Paris Concept Store Marrakech","isPartOf":{"@id":"https:\/\/www.sook-paris.com\/#website"},"primaryImageOfPage":{"@id":"https:\/\/sook-paris.com\/product\/bandana-brode-a-la-main\/#primaryimage"},"image":{"@id":"https:\/\/sook-paris.com\/product\/bandana-brode-a-la-main\/#primaryimage"},"thumbnailUrl":"https:\/\/sook-paris.com\/wp-content\/uploads\/2025\/05\/bandana-1111-scaled.jpg","datePublished":"2025-05-08T13:36:10+00:00","dateModified":"2025-12-16T15:27:28+00:00","breadcrumb":{"@id":"https:\/\/sook-paris.com\/product\/bandana-brode-a-la-main\/#breadcrumb"},"inLanguage":"en-US","potentialAction":[{"@type":"ReadAction","target":["https:\/\/sook-paris.com\/product\/bandana-brode-a-la-main\/"]}]},{"@type":"ImageObject","inLanguage":"en-US","@id":"https:\/\/sook-paris.com\/product\/bandana-brode-a-la-main\/#primaryimage","url":"https:\/\/sook-paris.com\/wp-content\/uploads\/2025\/05\/bandana-1111-scaled.jpg","contentUrl":"https:\/\/sook-paris.com\/wp-content\/uploads\/2025\/05\/bandana-1111-scaled.jpg","width":1707,"height":2560},{"@type":"BreadcrumbList","@id":"https:\/\/sook-paris.com\/product\/bandana-brode-a-la-main\/#breadcrumb","itemListElement":[{"@type":"ListItem","position":1,"name":"Accueil","item":"https:\/\/sook-paris.com\/"},{"@type":"ListItem","position":2,"name":"Tous les produits","item":"https:\/\/sook-paris.com\/en\/tous-les-produits\/"},{"@type":"ListItem","position":3,"name":"BANDANAS BROD\u00c9S \u00c0 LA MAIN"}]},{"@type":"WebSite","@id":"https:\/\/www.sook-paris.com\/#website","url":"https:\/\/www.sook-paris.com\/","name":"Sook Paris Concept Store Marrakech","description":"","publisher":{"@id":"https:\/\/www.sook-paris.com\/#organization"},"potentialAction":[{"@type":"SearchAction","target":{"@type":"EntryPoint","urlTemplate":"https:\/\/www.sook-paris.com\/?s={search_term_string}"},"query-input":{"@type":"PropertyValueSpecification","valueRequired":true,"valueName":"search_term_string"}}],"inLanguage":"en-US"},{"@type":"Organization","@id":"https:\/\/www.sook-paris.com\/#organization","name":"Sook Paris Concept Store Marrakech","url":"https:\/\/www.sook-paris.com\/","logo":{"@type":"ImageObject","inLanguage":"en-US","@id":"https:\/\/www.sook-paris.com\/#\/schema\/logo\/image\/","url":"https:\/\/sook-paris.com\/wp-content\/uploads\/2025\/03\/Logo-sook-paris.png","contentUrl":"https:\/\/sook-paris.com\/wp-content\/uploads\/2025\/03\/Logo-sook-paris.png","width":1080,"height":1080,"caption":"Sook Paris Concept Store Marrakech"},"image":{"@id":"https:\/\/www.sook-paris.com\/#\/schema\/logo\/image\/"},"sameAs":["https:\/\/instagram.com\/sookparis"]}]}},"_links":{"self":[{"href":"https:\/\/sook-paris.com\/en\/wp-json\/wp\/v2\/product\/1025","targetHints":{"allow":["GET"]}}],"collection":[{"href":"https:\/\/sook-paris.com\/en\/wp-json\/wp\/v2\/product"}],"about":[{"href":"https:\/\/sook-paris.com\/en\/wp-json\/wp\/v2\/types\/product"}],"wp:featuredmedia":[{"embeddable":true,"href":"https:\/\/sook-paris.com\/en\/wp-json\/wp\/v2\/media\/1040"}],"wp:attachment":[{"href":"https:\/\/sook-paris.com\/en\/wp-json\/wp\/v2\/media?parent=1025"}],"wp:term":[{"taxonomy":"product_brand","embeddable":true,"href":"https:\/\/sook-paris.com\/en\/wp-json\/wp\/v2\/product_brand?post=1025"},{"taxonomy":"product_cat","embeddable":true,"href":"https:\/\/sook-paris.com\/en\/wp-json\/wp\/v2\/product_cat?post=1025"},{"taxonomy":"product_tag","embeddable":true,"href":"https:\/\/sook-paris.com\/en\/wp-json\/wp\/v2\/product_tag?post=1025"}],"curies":[{"name":"wp","href":"https:\/\/api.w.org\/{rel}","templated":true}]}}