{"id":1002,"date":"2025-05-02T11:09:45","date_gmt":"2025-05-02T11:09:45","guid":{"rendered":"https:\/\/sook-paris.com\/?post_type=product&#038;p=1002"},"modified":"2026-01-06T13:15:17","modified_gmt":"2026-01-06T13:15:17","slug":"blouse-rosy","status":"publish","type":"product","link":"https:\/\/sook-paris.com\/en\/product\/blouse-rosy\/","title":{"rendered":"Rosy blouse"},"content":{"rendered":"<p>One size fits all (36 to 42)<\/p>\n<p>Long-sleeved shirt<\/p>\n<p>Two-bow front closure<\/p>\n<p>Material: 100% cotton<\/p>\n<p>Bust length: 64 cm<\/p>\n<p>Shoulder-to-shoulder width: 48 cm<\/p>\n<p>Wash inside out at 30 degrees with similar colors<\/p>\n<p>Made in Morocco<\/p>","protected":false},"excerpt":{"rendered":"<p>Taille unique (convient du 36 au 42) Chemise manches longues Fermeture par deux n\u0153uds sur le devant Mati\u00e8re : 100% coton Longueur de buste : 64 cm Largeur \u00e9paule \u00e0 \u00e9paule : 48 cm Lavage \u00e0 30 degr\u00e9s sur l\u2019envers avec couleurs similaires Fabriqu\u00e9e au&#8230;<\/p>","protected":false},"featured_media":1275,"template":"","meta":[],"product_brand":[],"product_cat":[18,15],"product_tag":[],"class_list":{"0":"post-1002","1":"product","2":"type-product","3":"status-publish","4":"has-post-thumbnail","6":"product_cat-chemises-et-blouses","7":"product_cat-uncategorized","9":"first","10":"outofstock","11":"shipping-taxable","12":"purchasable","13":"product-type-variable","14":"wvs-archive-product-wrapper"},"yoast_head":"<!-- This site is optimized with the Yoast SEO plugin v24.6 - https:\/\/yoast.com\/wordpress\/plugins\/seo\/ -->\n<title>Blouse Rosy - Sook Paris Concept Store Marrakech<\/title>\n<meta name=\"robots\" content=\"index, follow, max-snippet:-1, max-image-preview:large, max-video-preview:-1\" \/>\n<link rel=\"canonical\" href=\"https:\/\/sook-paris.com\/en\/product\/blouse-rosy\/\" \/>\n<meta property=\"og:locale\" content=\"en_US\" \/>\n<meta property=\"og:type\" content=\"article\" \/>\n<meta property=\"og:title\" content=\"Blouse Rosy - Sook Paris Concept Store Marrakech\" \/>\n<meta property=\"og:description\" content=\"Taille unique (convient du 36 au 42) Chemise manches longues Fermeture par deux n\u0153uds sur le devant Mati\u00e8re : 100% coton Longueur de buste : 64 cm Largeur \u00e9paule \u00e0 \u00e9paule : 48 cm Lavage \u00e0 30 degr\u00e9s sur l\u2019envers avec couleurs similaires Fabriqu\u00e9e au...\" \/>\n<meta property=\"og:url\" content=\"https:\/\/sook-paris.com\/en\/product\/blouse-rosy\/\" \/>\n<meta property=\"og:site_name\" content=\"Sook Paris Concept Store Marrakech\" \/>\n<meta property=\"article:publisher\" content=\"https:\/\/instagram.com\/sookparis\" \/>\n<meta property=\"article:modified_time\" content=\"2026-01-06T13:15:17+00:00\" \/>\n<meta property=\"og:image\" content=\"https:\/\/sook-paris.com\/wp-content\/uploads\/2025\/06\/3-12.jpg\" \/>\n\t<meta property=\"og:image:width\" content=\"1200\" \/>\n\t<meta property=\"og:image:height\" content=\"1647\" \/>\n\t<meta property=\"og:image:type\" content=\"image\/jpeg\" \/>\n<meta name=\"twitter:card\" content=\"summary_large_image\" \/>\n<meta name=\"twitter:label1\" content=\"Est. reading time\" \/>\n\t<meta name=\"twitter:data1\" content=\"1 minute\" \/>\n<script type=\"application\/ld+json\" class=\"yoast-schema-graph\">{\"@context\":\"https:\/\/schema.org\",\"@graph\":[{\"@type\":\"WebPage\",\"@id\":\"https:\/\/sook-paris.com\/product\/blouse-rosy\/\",\"url\":\"https:\/\/sook-paris.com\/product\/blouse-rosy\/\",\"name\":\"Blouse Rosy - Sook Paris Concept Store Marrakech\",\"isPartOf\":{\"@id\":\"https:\/\/www.sook-paris.com\/#website\"},\"primaryImageOfPage\":{\"@id\":\"https:\/\/sook-paris.com\/product\/blouse-rosy\/#primaryimage\"},\"image\":{\"@id\":\"https:\/\/sook-paris.com\/product\/blouse-rosy\/#primaryimage\"},\"thumbnailUrl\":\"https:\/\/sook-paris.com\/wp-content\/uploads\/2025\/06\/3-12.jpg\",\"datePublished\":\"2025-05-02T11:09:45+00:00\",\"dateModified\":\"2026-01-06T13:15:17+00:00\",\"breadcrumb\":{\"@id\":\"https:\/\/sook-paris.com\/product\/blouse-rosy\/#breadcrumb\"},\"inLanguage\":\"en-US\",\"potentialAction\":[{\"@type\":\"ReadAction\",\"target\":[\"https:\/\/sook-paris.com\/product\/blouse-rosy\/\"]}]},{\"@type\":\"ImageObject\",\"inLanguage\":\"en-US\",\"@id\":\"https:\/\/sook-paris.com\/product\/blouse-rosy\/#primaryimage\",\"url\":\"https:\/\/sook-paris.com\/wp-content\/uploads\/2025\/06\/3-12.jpg\",\"contentUrl\":\"https:\/\/sook-paris.com\/wp-content\/uploads\/2025\/06\/3-12.jpg\",\"width\":1200,\"height\":1647},{\"@type\":\"BreadcrumbList\",\"@id\":\"https:\/\/sook-paris.com\/product\/blouse-rosy\/#breadcrumb\",\"itemListElement\":[{\"@type\":\"ListItem\",\"position\":1,\"name\":\"Accueil\",\"item\":\"https:\/\/sook-paris.com\/\"},{\"@type\":\"ListItem\",\"position\":2,\"name\":\"Tous les produits\",\"item\":\"https:\/\/sook-paris.com\/en\/tous-les-produits\/\"},{\"@type\":\"ListItem\",\"position\":3,\"name\":\"Blouse Rosy\"}]},{\"@type\":\"WebSite\",\"@id\":\"https:\/\/www.sook-paris.com\/#website\",\"url\":\"https:\/\/www.sook-paris.com\/\",\"name\":\"Sook Paris Concept Store Marrakech\",\"description\":\"\",\"publisher\":{\"@id\":\"https:\/\/www.sook-paris.com\/#organization\"},\"potentialAction\":[{\"@type\":\"SearchAction\",\"target\":{\"@type\":\"EntryPoint\",\"urlTemplate\":\"https:\/\/www.sook-paris.com\/?s={search_term_string}\"},\"query-input\":{\"@type\":\"PropertyValueSpecification\",\"valueRequired\":true,\"valueName\":\"search_term_string\"}}],\"inLanguage\":\"en-US\"},{\"@type\":\"Organization\",\"@id\":\"https:\/\/www.sook-paris.com\/#organization\",\"name\":\"Sook Paris Concept Store Marrakech\",\"url\":\"https:\/\/www.sook-paris.com\/\",\"logo\":{\"@type\":\"ImageObject\",\"inLanguage\":\"en-US\",\"@id\":\"https:\/\/www.sook-paris.com\/#\/schema\/logo\/image\/\",\"url\":\"https:\/\/sook-paris.com\/wp-content\/uploads\/2025\/03\/Logo-sook-paris.png\",\"contentUrl\":\"https:\/\/sook-paris.com\/wp-content\/uploads\/2025\/03\/Logo-sook-paris.png\",\"width\":1080,\"height\":1080,\"caption\":\"Sook Paris Concept Store Marrakech\"},\"image\":{\"@id\":\"https:\/\/www.sook-paris.com\/#\/schema\/logo\/image\/\"},\"sameAs\":[\"https:\/\/instagram.com\/sookparis\"]}]}<\/script>\n<!-- \/ Yoast SEO plugin. -->","yoast_head_json":{"title":"Blouse Rosy - Sook Paris Concept Store Marrakech","robots":{"index":"index","follow":"follow","max-snippet":"max-snippet:-1","max-image-preview":"max-image-preview:large","max-video-preview":"max-video-preview:-1"},"canonical":"https:\/\/sook-paris.com\/en\/product\/blouse-rosy\/","og_locale":"en_US","og_type":"article","og_title":"Blouse Rosy - Sook Paris Concept Store Marrakech","og_description":"Taille unique (convient du 36 au 42) Chemise manches longues Fermeture par deux n\u0153uds sur le devant Mati\u00e8re : 100% coton Longueur de buste : 64 cm Largeur \u00e9paule \u00e0 \u00e9paule : 48 cm Lavage \u00e0 30 degr\u00e9s sur l\u2019envers avec couleurs similaires Fabriqu\u00e9e au...","og_url":"https:\/\/sook-paris.com\/en\/product\/blouse-rosy\/","og_site_name":"Sook Paris Concept Store Marrakech","article_publisher":"https:\/\/instagram.com\/sookparis","article_modified_time":"2026-01-06T13:15:17+00:00","og_image":[{"width":1200,"height":1647,"url":"https:\/\/sook-paris.com\/wp-content\/uploads\/2025\/06\/3-12.jpg","type":"image\/jpeg"}],"twitter_card":"summary_large_image","twitter_misc":{"Est. reading time":"1 minute"},"schema":{"@context":"https:\/\/schema.org","@graph":[{"@type":"WebPage","@id":"https:\/\/sook-paris.com\/product\/blouse-rosy\/","url":"https:\/\/sook-paris.com\/product\/blouse-rosy\/","name":"Blouse Rosy - Sook Paris Concept Store Marrakech","isPartOf":{"@id":"https:\/\/www.sook-paris.com\/#website"},"primaryImageOfPage":{"@id":"https:\/\/sook-paris.com\/product\/blouse-rosy\/#primaryimage"},"image":{"@id":"https:\/\/sook-paris.com\/product\/blouse-rosy\/#primaryimage"},"thumbnailUrl":"https:\/\/sook-paris.com\/wp-content\/uploads\/2025\/06\/3-12.jpg","datePublished":"2025-05-02T11:09:45+00:00","dateModified":"2026-01-06T13:15:17+00:00","breadcrumb":{"@id":"https:\/\/sook-paris.com\/product\/blouse-rosy\/#breadcrumb"},"inLanguage":"en-US","potentialAction":[{"@type":"ReadAction","target":["https:\/\/sook-paris.com\/product\/blouse-rosy\/"]}]},{"@type":"ImageObject","inLanguage":"en-US","@id":"https:\/\/sook-paris.com\/product\/blouse-rosy\/#primaryimage","url":"https:\/\/sook-paris.com\/wp-content\/uploads\/2025\/06\/3-12.jpg","contentUrl":"https:\/\/sook-paris.com\/wp-content\/uploads\/2025\/06\/3-12.jpg","width":1200,"height":1647},{"@type":"BreadcrumbList","@id":"https:\/\/sook-paris.com\/product\/blouse-rosy\/#breadcrumb","itemListElement":[{"@type":"ListItem","position":1,"name":"Accueil","item":"https:\/\/sook-paris.com\/"},{"@type":"ListItem","position":2,"name":"Tous les produits","item":"https:\/\/sook-paris.com\/en\/tous-les-produits\/"},{"@type":"ListItem","position":3,"name":"Blouse Rosy"}]},{"@type":"WebSite","@id":"https:\/\/www.sook-paris.com\/#website","url":"https:\/\/www.sook-paris.com\/","name":"Sook Paris Concept Store Marrakech","description":"","publisher":{"@id":"https:\/\/www.sook-paris.com\/#organization"},"potentialAction":[{"@type":"SearchAction","target":{"@type":"EntryPoint","urlTemplate":"https:\/\/www.sook-paris.com\/?s={search_term_string}"},"query-input":{"@type":"PropertyValueSpecification","valueRequired":true,"valueName":"search_term_string"}}],"inLanguage":"en-US"},{"@type":"Organization","@id":"https:\/\/www.sook-paris.com\/#organization","name":"Sook Paris Concept Store Marrakech","url":"https:\/\/www.sook-paris.com\/","logo":{"@type":"ImageObject","inLanguage":"en-US","@id":"https:\/\/www.sook-paris.com\/#\/schema\/logo\/image\/","url":"https:\/\/sook-paris.com\/wp-content\/uploads\/2025\/03\/Logo-sook-paris.png","contentUrl":"https:\/\/sook-paris.com\/wp-content\/uploads\/2025\/03\/Logo-sook-paris.png","width":1080,"height":1080,"caption":"Sook Paris Concept Store Marrakech"},"image":{"@id":"https:\/\/www.sook-paris.com\/#\/schema\/logo\/image\/"},"sameAs":["https:\/\/instagram.com\/sookparis"]}]}},"_links":{"self":[{"href":"https:\/\/sook-paris.com\/en\/wp-json\/wp\/v2\/product\/1002","targetHints":{"allow":["GET"]}}],"collection":[{"href":"https:\/\/sook-paris.com\/en\/wp-json\/wp\/v2\/product"}],"about":[{"href":"https:\/\/sook-paris.com\/en\/wp-json\/wp\/v2\/types\/product"}],"wp:featuredmedia":[{"embeddable":true,"href":"https:\/\/sook-paris.com\/en\/wp-json\/wp\/v2\/media\/1275"}],"wp:attachment":[{"href":"https:\/\/sook-paris.com\/en\/wp-json\/wp\/v2\/media?parent=1002"}],"wp:term":[{"taxonomy":"product_brand","embeddable":true,"href":"https:\/\/sook-paris.com\/en\/wp-json\/wp\/v2\/product_brand?post=1002"},{"taxonomy":"product_cat","embeddable":true,"href":"https:\/\/sook-paris.com\/en\/wp-json\/wp\/v2\/product_cat?post=1002"},{"taxonomy":"product_tag","embeddable":true,"href":"https:\/\/sook-paris.com\/en\/wp-json\/wp\/v2\/product_tag?post=1002"}],"curies":[{"name":"wp","href":"https:\/\/api.w.org\/{rel}","templated":true}]}}