{"id":19,"date":"2020-06-17T10:12:42","date_gmt":"2020-06-17T10:12:42","guid":{"rendered":"https:\/\/stockholm58.qodeinteractive.com\/?page_id=19"},"modified":"2025-06-03T16:49:06","modified_gmt":"2025-06-03T16:49:06","slug":"about","status":"publish","type":"page","link":"https:\/\/sook-paris.com\/en\/about\/","title":{"rendered":"About"},"content":{"rendered":"<div data-elementor-type=\"wp-page\" data-elementor-id=\"19\" class=\"elementor elementor-19\" data-elementor-settings=\"{&quot;ha_cmc_init_switcher&quot;:&quot;no&quot;}\" data-elementor-post-type=\"page\">\n\t\t\t\t\t\t<section class=\"elementor-section elementor-top-section elementor-element elementor-element-2bf79116 qode_elementor_container_inner elementor-section-boxed elementor-section-height-default elementor-section-height-default parallax_section_no qode-content-aligment-left\" data-id=\"2bf79116\" data-element_type=\"section\" data-e-type=\"section\" data-settings=\"{&quot;jet_parallax_layout_list&quot;:[],&quot;_ha_eqh_enable&quot;:false}\">\n\t\t\t\t\t\t<div class=\"elementor-container elementor-column-gap-default\">\n\t\t\t\t\t<div class=\"elementor-column elementor-col-50 elementor-top-column elementor-element elementor-element-78bf7f5d\" data-id=\"78bf7f5d\" data-element_type=\"column\" data-e-type=\"column\">\n\t\t\t<div class=\"elementor-widget-wrap elementor-element-populated\">\n\t\t\t\t\t\t<div class=\"elementor-element elementor-element-57e8912e elementor-widget elementor-widget-text-editor\" data-id=\"57e8912e\" data-element_type=\"widget\" data-e-type=\"widget\" data-widget_type=\"text-editor.default\">\n\t\t\t\t<div class=\"elementor-widget-container\">\n\t\t\t\t\t\t\t\t\t<p dir=\"ltr\">The excitement of Paris, the authenticity of Marrakech... After 15 years in advertising and events, we've found our equilibrium in the pink city. In 2019, we opened our boutique here, a space where our inspirations come to life.<\/p><p dir=\"ltr\">Our collections are a blend of Parisian style and Moroccan craftsmanship, deeply influenced by the generosity and hues of Marrakech, we create timeless, comfortable and elegant clothes, designed above all to make you shine.<\/p><p dir=\"ltr\">We prefer noble materials and local production, because we are convinced that fashion can be beautiful, sensible and respectful at the same time.<\/p>\t\t\t\t\t\t\t\t<\/div>\n\t\t\t\t<\/div>\n\t\t\t\t<div class=\"elementor-element elementor-element-7916d32f elementor-widget elementor-widget-heading\" data-id=\"7916d32f\" data-element_type=\"widget\" data-e-type=\"widget\" data-widget_type=\"heading.default\">\n\t\t\t\t<div class=\"elementor-widget-container\">\n\t\t\t\t\t<h5 class=\"elementor-heading-title elementor-size-default\">Claire and Jonathan Marouani<\/h5>\t\t\t\t<\/div>\n\t\t\t\t<\/div>\n\t\t\t\t<div class=\"elementor-element elementor-element-567dd8de elementor-widget elementor-widget-heading\" data-id=\"567dd8de\" data-element_type=\"widget\" data-e-type=\"widget\" data-widget_type=\"heading.default\">\n\t\t\t\t<div class=\"elementor-widget-container\">\n\t\t\t\t\t<h6 class=\"elementor-heading-title elementor-size-default\">Founders of Sook Paris<\/h6>\t\t\t\t<\/div>\n\t\t\t\t<\/div>\n\t\t\t\t\t<\/div>\n\t\t<\/div>\n\t\t\t\t<div class=\"elementor-column elementor-col-50 elementor-top-column elementor-element elementor-element-46ff3eda\" data-id=\"46ff3eda\" data-element_type=\"column\" data-e-type=\"column\">\n\t\t\t<div class=\"elementor-widget-wrap elementor-element-populated\">\n\t\t\t\t\t\t<div class=\"elementor-element elementor-element-79651ddf elementor-widget elementor-widget-image\" data-id=\"79651ddf\" data-element_type=\"widget\" data-e-type=\"widget\" data-widget_type=\"image.default\">\n\t\t\t\t<div class=\"elementor-widget-container\">\n\t\t\t\t\t\t\t\t\t\t\t\t\t\t\t<img fetchpriority=\"high\" decoding=\"async\" width=\"1318\" height=\"1920\" src=\"https:\/\/sook-paris.com\/wp-content\/uploads\/2025\/03\/21092023-DSC_08092.jpg\" class=\"attachment-full size-full wp-image-712 wvs-archive-product-image\" alt=\"\" srcset=\"https:\/\/sook-paris.com\/wp-content\/uploads\/2025\/03\/21092023-DSC_08092.jpg 1318w, https:\/\/sook-paris.com\/wp-content\/uploads\/2025\/03\/21092023-DSC_08092-600x874.jpg 600w, https:\/\/sook-paris.com\/wp-content\/uploads\/2025\/03\/21092023-DSC_08092-206x300.jpg 206w, https:\/\/sook-paris.com\/wp-content\/uploads\/2025\/03\/21092023-DSC_08092-703x1024.jpg 703w, https:\/\/sook-paris.com\/wp-content\/uploads\/2025\/03\/21092023-DSC_08092-768x1119.jpg 768w, https:\/\/sook-paris.com\/wp-content\/uploads\/2025\/03\/21092023-DSC_08092-1054x1536.jpg 1054w, https:\/\/sook-paris.com\/wp-content\/uploads\/2025\/03\/21092023-DSC_08092-700x1020.jpg 700w, https:\/\/sook-paris.com\/wp-content\/uploads\/2025\/03\/21092023-DSC_08092-1100x1602.jpg 1100w\" sizes=\"(max-width: 1318px) 100vw, 1318px\" \/>\t\t\t\t\t\t\t\t\t\t\t\t\t\t\t<\/div>\n\t\t\t\t<\/div>\n\t\t\t\t\t<\/div>\n\t\t<\/div>\n\t\t\t\t\t<\/div>\n\t\t<\/section>\n\t\t\t\t<\/div>","protected":false},"excerpt":{"rendered":"<p>The excitement of Paris, the authenticity of Marrakech... After 15 years in advertising and events, we've found our equilibrium in the pink city. In 2019, we opened our boutique here, a space where our inspirations come to life. Our collections are a blend of...<\/p>","protected":false},"author":1,"featured_media":0,"parent":0,"menu_order":0,"comment_status":"closed","ping_status":"closed","template":"full_width.php","meta":{"footnotes":""},"class_list":["post-19","page","type-page","status-publish","hentry"],"yoast_head":"<!-- This site is optimized with the Yoast SEO plugin v24.6 - https:\/\/yoast.com\/wordpress\/plugins\/seo\/ -->\n<title>About - Sook Paris Concept Store Marrakech<\/title>\n<meta name=\"description\" content=\"L\u2019effervescence de Paris, l\u2019authenticit\u00e9 de Marrakech\u2026 Apr\u00e8s 15 ann\u00e9es pass\u00e9s dans la publicit\u00e9 et l\u2019\u00e9v\u00e9nementiel, nous avons trouv\u00e9 notre \u00e9quilibre dans la ville rose.\" \/>\n<meta name=\"robots\" content=\"index, follow, max-snippet:-1, max-image-preview:large, max-video-preview:-1\" \/>\n<link rel=\"canonical\" href=\"https:\/\/sook-paris.com\/en\/about\/\" \/>\n<meta property=\"og:locale\" content=\"en_US\" \/>\n<meta property=\"og:type\" content=\"article\" \/>\n<meta property=\"og:title\" content=\"About - Sook Paris Concept Store Marrakech\" \/>\n<meta property=\"og:description\" content=\"L\u2019effervescence de Paris, l\u2019authenticit\u00e9 de Marrakech\u2026 Apr\u00e8s 15 ann\u00e9es pass\u00e9s dans la publicit\u00e9 et l\u2019\u00e9v\u00e9nementiel, nous avons trouv\u00e9 notre \u00e9quilibre dans la ville rose.\" \/>\n<meta property=\"og:url\" content=\"https:\/\/sook-paris.com\/en\/about\/\" \/>\n<meta property=\"og:site_name\" content=\"Sook Paris Concept Store Marrakech\" \/>\n<meta property=\"article:publisher\" content=\"https:\/\/instagram.com\/sookparis\" \/>\n<meta property=\"article:modified_time\" content=\"2025-06-03T16:49:06+00:00\" \/>\n<meta property=\"og:image\" content=\"https:\/\/sook-paris.com\/wp-content\/uploads\/2025\/03\/21092023-DSC_08092.jpg\" \/>\n\t<meta property=\"og:image:width\" content=\"1318\" \/>\n\t<meta property=\"og:image:height\" content=\"1920\" \/>\n\t<meta property=\"og:image:type\" content=\"image\/jpeg\" \/>\n<meta name=\"twitter:card\" content=\"summary_large_image\" \/>\n<meta name=\"twitter:label1\" content=\"Est. reading time\" \/>\n\t<meta name=\"twitter:data1\" content=\"1 minute\" \/>\n<script type=\"application\/ld+json\" class=\"yoast-schema-graph\">{\"@context\":\"https:\/\/schema.org\",\"@graph\":[{\"@type\":\"WebPage\",\"@id\":\"https:\/\/sook-paris.com\/about\/\",\"url\":\"https:\/\/sook-paris.com\/about\/\",\"name\":\"About - Sook Paris Concept Store Marrakech\",\"isPartOf\":{\"@id\":\"https:\/\/www.sook-paris.com\/#website\"},\"primaryImageOfPage\":{\"@id\":\"https:\/\/sook-paris.com\/about\/#primaryimage\"},\"image\":{\"@id\":\"https:\/\/sook-paris.com\/about\/#primaryimage\"},\"thumbnailUrl\":\"https:\/\/sook-paris.com\/wp-content\/uploads\/2025\/03\/21092023-DSC_08092.jpg\",\"datePublished\":\"2020-06-17T10:12:42+00:00\",\"dateModified\":\"2025-06-03T16:49:06+00:00\",\"description\":\"L\u2019effervescence de Paris, l\u2019authenticit\u00e9 de Marrakech\u2026 Apr\u00e8s 15 ann\u00e9es pass\u00e9s dans la publicit\u00e9 et l\u2019\u00e9v\u00e9nementiel, nous avons trouv\u00e9 notre \u00e9quilibre dans la ville rose.\",\"breadcrumb\":{\"@id\":\"https:\/\/sook-paris.com\/about\/#breadcrumb\"},\"inLanguage\":\"en-US\",\"potentialAction\":[{\"@type\":\"ReadAction\",\"target\":[\"https:\/\/sook-paris.com\/about\/\"]}]},{\"@type\":\"ImageObject\",\"inLanguage\":\"en-US\",\"@id\":\"https:\/\/sook-paris.com\/about\/#primaryimage\",\"url\":\"https:\/\/sook-paris.com\/wp-content\/uploads\/2025\/03\/21092023-DSC_08092.jpg\",\"contentUrl\":\"https:\/\/sook-paris.com\/wp-content\/uploads\/2025\/03\/21092023-DSC_08092.jpg\"},{\"@type\":\"BreadcrumbList\",\"@id\":\"https:\/\/sook-paris.com\/about\/#breadcrumb\",\"itemListElement\":[{\"@type\":\"ListItem\",\"position\":1,\"name\":\"Accueil\",\"item\":\"https:\/\/sook-paris.com\/\"},{\"@type\":\"ListItem\",\"position\":2,\"name\":\"About\"}]},{\"@type\":\"WebSite\",\"@id\":\"https:\/\/www.sook-paris.com\/#website\",\"url\":\"https:\/\/www.sook-paris.com\/\",\"name\":\"Sook Paris Concept Store Marrakech\",\"description\":\"\",\"publisher\":{\"@id\":\"https:\/\/www.sook-paris.com\/#organization\"},\"potentialAction\":[{\"@type\":\"SearchAction\",\"target\":{\"@type\":\"EntryPoint\",\"urlTemplate\":\"https:\/\/www.sook-paris.com\/?s={search_term_string}\"},\"query-input\":{\"@type\":\"PropertyValueSpecification\",\"valueRequired\":true,\"valueName\":\"search_term_string\"}}],\"inLanguage\":\"en-US\"},{\"@type\":\"Organization\",\"@id\":\"https:\/\/www.sook-paris.com\/#organization\",\"name\":\"Sook Paris Concept Store Marrakech\",\"url\":\"https:\/\/www.sook-paris.com\/\",\"logo\":{\"@type\":\"ImageObject\",\"inLanguage\":\"en-US\",\"@id\":\"https:\/\/www.sook-paris.com\/#\/schema\/logo\/image\/\",\"url\":\"https:\/\/sook-paris.com\/wp-content\/uploads\/2025\/03\/Logo-sook-paris.png\",\"contentUrl\":\"https:\/\/sook-paris.com\/wp-content\/uploads\/2025\/03\/Logo-sook-paris.png\",\"width\":1080,\"height\":1080,\"caption\":\"Sook Paris Concept Store Marrakech\"},\"image\":{\"@id\":\"https:\/\/www.sook-paris.com\/#\/schema\/logo\/image\/\"},\"sameAs\":[\"https:\/\/instagram.com\/sookparis\"]}]}<\/script>\n<!-- \/ Yoast SEO plugin. -->","yoast_head_json":{"title":"About - Sook Paris Concept Store Marrakech","description":"The hustle and bustle of Paris, the authenticity of Marrakech... After 15 years in advertising and events, we've found our equilibrium in the Pink City.","robots":{"index":"index","follow":"follow","max-snippet":"max-snippet:-1","max-image-preview":"max-image-preview:large","max-video-preview":"max-video-preview:-1"},"canonical":"https:\/\/sook-paris.com\/en\/about\/","og_locale":"en_US","og_type":"article","og_title":"About - Sook Paris Concept Store Marrakech","og_description":"L\u2019effervescence de Paris, l\u2019authenticit\u00e9 de Marrakech\u2026 Apr\u00e8s 15 ann\u00e9es pass\u00e9s dans la publicit\u00e9 et l\u2019\u00e9v\u00e9nementiel, nous avons trouv\u00e9 notre \u00e9quilibre dans la ville rose.","og_url":"https:\/\/sook-paris.com\/en\/about\/","og_site_name":"Sook Paris Concept Store Marrakech","article_publisher":"https:\/\/instagram.com\/sookparis","article_modified_time":"2025-06-03T16:49:06+00:00","og_image":[{"width":1318,"height":1920,"url":"https:\/\/sook-paris.com\/wp-content\/uploads\/2025\/03\/21092023-DSC_08092.jpg","type":"image\/jpeg"}],"twitter_card":"summary_large_image","twitter_misc":{"Est. reading time":"1 minute"},"schema":{"@context":"https:\/\/schema.org","@graph":[{"@type":"WebPage","@id":"https:\/\/sook-paris.com\/about\/","url":"https:\/\/sook-paris.com\/about\/","name":"About - Sook Paris Concept Store Marrakech","isPartOf":{"@id":"https:\/\/www.sook-paris.com\/#website"},"primaryImageOfPage":{"@id":"https:\/\/sook-paris.com\/about\/#primaryimage"},"image":{"@id":"https:\/\/sook-paris.com\/about\/#primaryimage"},"thumbnailUrl":"https:\/\/sook-paris.com\/wp-content\/uploads\/2025\/03\/21092023-DSC_08092.jpg","datePublished":"2020-06-17T10:12:42+00:00","dateModified":"2025-06-03T16:49:06+00:00","description":"The hustle and bustle of Paris, the authenticity of Marrakech... After 15 years in advertising and events, we've found our equilibrium in the Pink City.","breadcrumb":{"@id":"https:\/\/sook-paris.com\/about\/#breadcrumb"},"inLanguage":"en-US","potentialAction":[{"@type":"ReadAction","target":["https:\/\/sook-paris.com\/about\/"]}]},{"@type":"ImageObject","inLanguage":"en-US","@id":"https:\/\/sook-paris.com\/about\/#primaryimage","url":"https:\/\/sook-paris.com\/wp-content\/uploads\/2025\/03\/21092023-DSC_08092.jpg","contentUrl":"https:\/\/sook-paris.com\/wp-content\/uploads\/2025\/03\/21092023-DSC_08092.jpg"},{"@type":"BreadcrumbList","@id":"https:\/\/sook-paris.com\/about\/#breadcrumb","itemListElement":[{"@type":"ListItem","position":1,"name":"Accueil","item":"https:\/\/sook-paris.com\/"},{"@type":"ListItem","position":2,"name":"About"}]},{"@type":"WebSite","@id":"https:\/\/www.sook-paris.com\/#website","url":"https:\/\/www.sook-paris.com\/","name":"Sook Paris Concept Store Marrakech","description":"","publisher":{"@id":"https:\/\/www.sook-paris.com\/#organization"},"potentialAction":[{"@type":"SearchAction","target":{"@type":"EntryPoint","urlTemplate":"https:\/\/www.sook-paris.com\/?s={search_term_string}"},"query-input":{"@type":"PropertyValueSpecification","valueRequired":true,"valueName":"search_term_string"}}],"inLanguage":"en-US"},{"@type":"Organization","@id":"https:\/\/www.sook-paris.com\/#organization","name":"Sook Paris Concept Store Marrakech","url":"https:\/\/www.sook-paris.com\/","logo":{"@type":"ImageObject","inLanguage":"en-US","@id":"https:\/\/www.sook-paris.com\/#\/schema\/logo\/image\/","url":"https:\/\/sook-paris.com\/wp-content\/uploads\/2025\/03\/Logo-sook-paris.png","contentUrl":"https:\/\/sook-paris.com\/wp-content\/uploads\/2025\/03\/Logo-sook-paris.png","width":1080,"height":1080,"caption":"Sook Paris Concept Store Marrakech"},"image":{"@id":"https:\/\/www.sook-paris.com\/#\/schema\/logo\/image\/"},"sameAs":["https:\/\/instagram.com\/sookparis"]}]}},"_links":{"self":[{"href":"https:\/\/sook-paris.com\/en\/wp-json\/wp\/v2\/pages\/19","targetHints":{"allow":["GET"]}}],"collection":[{"href":"https:\/\/sook-paris.com\/en\/wp-json\/wp\/v2\/pages"}],"about":[{"href":"https:\/\/sook-paris.com\/en\/wp-json\/wp\/v2\/types\/page"}],"author":[{"embeddable":true,"href":"https:\/\/sook-paris.com\/en\/wp-json\/wp\/v2\/users\/1"}],"replies":[{"embeddable":true,"href":"https:\/\/sook-paris.com\/en\/wp-json\/wp\/v2\/comments?post=19"}],"version-history":[{"count":6,"href":"https:\/\/sook-paris.com\/en\/wp-json\/wp\/v2\/pages\/19\/revisions"}],"predecessor-version":[{"id":902,"href":"https:\/\/sook-paris.com\/en\/wp-json\/wp\/v2\/pages\/19\/revisions\/902"}],"wp:attachment":[{"href":"https:\/\/sook-paris.com\/en\/wp-json\/wp\/v2\/media?parent=19"}],"curies":[{"name":"wp","href":"https:\/\/api.w.org\/{rel}","templated":true}]}}